{"id":836,"date":"2020-11-27T17:15:46","date_gmt":"2020-11-27T16:15:46","guid":{"rendered":"https:\/\/planetadrewna.p3f.pl\/?page_id=836"},"modified":"2021-02-19T12:00:27","modified_gmt":"2021-02-19T11:00:27","slug":"oferta-pellet","status":"publish","type":"page","link":"https:\/\/planetadrewna.pl\/index.php\/oferta-pellet\/","title":{"rendered":"Oferta &#8211; Pellet"},"content":{"rendered":"\t\t<div data-elementor-type=\"wp-page\" data-elementor-id=\"836\" class=\"elementor elementor-836\" data-elementor-post-type=\"page\">\n\t\t\t\t\t\t<section class=\"elementor-section elementor-top-section elementor-element elementor-element-3472e154 elementor-section-boxed elementor-section-height-default elementor-section-height-default\" data-id=\"3472e154\" data-element_type=\"section\">\n\t\t\t\t\t\t<div class=\"elementor-container elementor-column-gap-default\">\n\t\t\t\t\t<div class=\"elementor-column elementor-col-100 elementor-top-column elementor-element elementor-element-2dc44be7\" data-id=\"2dc44be7\" data-element_type=\"column\">\n\t\t\t<div class=\"elementor-widget-wrap elementor-element-populated\">\n\t\t\t\t\t\t<div class=\"elementor-element elementor-element-f597ab elementor-widget elementor-widget-heading\" data-id=\"f597ab\" data-element_type=\"widget\" data-widget_type=\"heading.default\">\n\t\t\t\t\t<h1 class=\"elementor-heading-title elementor-size-default\">PELLET<\/h1>\t\t\t\t<\/div>\n\t\t\t\t\t<\/div>\n\t\t<\/div>\n\t\t\t\t\t<\/div>\n\t\t<\/section>\n\t\t\t\t<section class=\"elementor-section elementor-top-section elementor-element elementor-element-f82da38 elementor-section-boxed elementor-section-height-default elementor-section-height-default\" data-id=\"f82da38\" data-element_type=\"section\" data-settings=\"{&quot;animation&quot;:&quot;none&quot;}\">\n\t\t\t\t\t\t<div class=\"elementor-container elementor-column-gap-default\">\n\t\t\t\t\t<div class=\"elementor-column elementor-col-100 elementor-top-column elementor-element elementor-element-5808b8a7\" data-id=\"5808b8a7\" data-element_type=\"column\">\n\t\t\t<div class=\"elementor-widget-wrap elementor-element-populated\">\n\t\t\t\t\t\t<div class=\"elementor-element elementor-element-65265009 elementor-arrows-position-inside elementor-pagination-position-outside elementor-widget elementor-widget-image-carousel\" data-id=\"65265009\" data-element_type=\"widget\" data-settings=\"{&quot;slides_to_show&quot;:&quot;1&quot;,&quot;navigation&quot;:&quot;both&quot;,&quot;autoplay&quot;:&quot;yes&quot;,&quot;pause_on_hover&quot;:&quot;yes&quot;,&quot;pause_on_interaction&quot;:&quot;yes&quot;,&quot;autoplay_speed&quot;:5000,&quot;infinite&quot;:&quot;yes&quot;,&quot;effect&quot;:&quot;slide&quot;,&quot;speed&quot;:500}\" data-widget_type=\"image-carousel.default\">\n\t\t\t\t\t\t\t<div class=\"elementor-image-carousel-wrapper swiper\" role=\"region\" aria-roledescription=\"carousel\" aria-label=\"Karuzela obrazk\u00f3w\" dir=\"ltr\">\n\t\t\t<div class=\"elementor-image-carousel swiper-wrapper\" aria-live=\"off\">\n\t\t\t\t\t\t\t\t<div class=\"swiper-slide\" role=\"group\" aria-roledescription=\"slide\" aria-label=\"1 z 3\"><a data-elementor-open-lightbox=\"yes\" data-elementor-lightbox-slideshow=\"65265009\" data-e-action-hash=\"#elementor-action%3Aaction%3Dlightbox%26settings%3DeyJpZCI6MTA3NywidXJsIjoiaHR0cHM6XC9cL3BsYW5ldGFkcmV3bmEucGxcL3dwLWNvbnRlbnRcL3VwbG9hZHNcLzIwMjBcLzEyXC9wZWxsZXQtMS5qcGciLCJzbGlkZXNob3ciOiI2NTI2NTAwOSJ9\" href=\"https:\/\/planetadrewna.pl\/wp-content\/uploads\/2020\/12\/pellet-1.jpg\"><figure class=\"swiper-slide-inner\"><img decoding=\"async\" class=\"swiper-slide-image\" src=\"https:\/\/planetadrewna.pl\/wp-content\/uploads\/2020\/12\/pellet-1-768x502.jpg\" alt=\"\" \/><\/figure><\/a><\/div><div class=\"swiper-slide\" role=\"group\" aria-roledescription=\"slide\" aria-label=\"2 z 3\"><a data-elementor-open-lightbox=\"yes\" data-elementor-lightbox-slideshow=\"65265009\" data-e-action-hash=\"#elementor-action%3Aaction%3Dlightbox%26settings%3DeyJpZCI6MTA4MCwidXJsIjoiaHR0cHM6XC9cL3BsYW5ldGFkcmV3bmEucGxcL3dwLWNvbnRlbnRcL3VwbG9hZHNcLzIwMjBcLzEyXC9wZWxsZXQtMi5qcGciLCJzbGlkZXNob3ciOiI2NTI2NTAwOSJ9\" href=\"https:\/\/planetadrewna.pl\/wp-content\/uploads\/2020\/12\/pellet-2.jpg\"><figure class=\"swiper-slide-inner\"><img decoding=\"async\" class=\"swiper-slide-image\" src=\"https:\/\/planetadrewna.pl\/wp-content\/uploads\/2020\/12\/pellet-2-768x476.jpg\" alt=\"\" \/><\/figure><\/a><\/div><div class=\"swiper-slide\" role=\"group\" aria-roledescription=\"slide\" aria-label=\"3 z 3\"><a data-elementor-open-lightbox=\"yes\" data-elementor-lightbox-slideshow=\"65265009\" data-e-action-hash=\"#elementor-action%3Aaction%3Dlightbox%26settings%3DeyJpZCI6MTA3NiwidXJsIjoiaHR0cHM6XC9cL3BsYW5ldGFkcmV3bmEucGxcL3dwLWNvbnRlbnRcL3VwbG9hZHNcLzIwMjBcLzEyXC9QRUxMRVQtNF9tLmpwZyIsInNsaWRlc2hvdyI6IjY1MjY1MDA5In0%3D\" href=\"https:\/\/planetadrewna.pl\/wp-content\/uploads\/2020\/12\/PELLET-4_m.jpg\"><figure class=\"swiper-slide-inner\"><img decoding=\"async\" class=\"swiper-slide-image\" src=\"https:\/\/planetadrewna.pl\/wp-content\/uploads\/2020\/12\/PELLET-4_m-768x576.jpg\" alt=\"\" \/><\/figure><\/a><\/div>\t\t\t<\/div>\n\t\t\t\t\t\t\t\t\t\t\t\t<div class=\"elementor-swiper-button elementor-swiper-button-prev\" role=\"button\" tabindex=\"0\">\n\t\t\t\t\t\t<i aria-hidden=\"true\" class=\"eicon-chevron-left\"><\/i>\t\t\t\t\t<\/div>\n\t\t\t\t\t<div class=\"elementor-swiper-button elementor-swiper-button-next\" role=\"button\" tabindex=\"0\">\n\t\t\t\t\t\t<i aria-hidden=\"true\" class=\"eicon-chevron-right\"><\/i>\t\t\t\t\t<\/div>\n\t\t\t\t\n\t\t\t\t\t\t\t\t\t<div class=\"swiper-pagination\"><\/div>\n\t\t\t\t\t\t\t\t\t<\/div>\n\t\t\t\t\t\t<\/div>\n\t\t\t\t<section class=\"elementor-section elementor-inner-section elementor-element elementor-element-5ff95bc2 elementor-section-boxed elementor-section-height-default elementor-section-height-default\" data-id=\"5ff95bc2\" data-element_type=\"section\" data-settings=\"{&quot;background_background&quot;:&quot;gradient&quot;}\">\n\t\t\t\t\t\t<div class=\"elementor-container elementor-column-gap-default\">\n\t\t\t\t\t<div class=\"elementor-column elementor-col-100 elementor-inner-column elementor-element elementor-element-6b8ecc9a\" data-id=\"6b8ecc9a\" data-element_type=\"column\">\n\t\t\t<div class=\"elementor-widget-wrap elementor-element-populated\">\n\t\t\t\t\t\t<div class=\"elementor-element elementor-element-640249c1 elementor-widget elementor-widget-text-editor\" data-id=\"640249c1\" data-element_type=\"widget\" data-widget_type=\"text-editor.default\">\n\t\t\t\t\t\t\t\t\t<p style=\"text-align: center;\"><span style=\"font-weight: 400;\">Pellet jest ekologicznym i wydajnym \u017ar\u00f3d\u0142em energii (wykorzystywany w specjalnie dostosowanych do niego piecach), ma posta\u0107 granulatu &#8211; pozyskuje si\u0119 go z trocin drzewnych mi.in drzew iglastych. Charakteryzuje go wysoka warto\u015b\u0107 energetyczna oraz niska zawarto\u015b\u0107 popio\u0142u.<\/span><\/p>\t\t\t\t\t\t\t\t<\/div>\n\t\t\t\t<div class=\"elementor-element elementor-element-163c42d4 elementor-widget elementor-widget-text-editor\" data-id=\"163c42d4\" data-element_type=\"widget\" data-widget_type=\"text-editor.default\">\n\t\t\t\t\t\t\t\t\t<h5 style=\"text-align: center;\"><span style=\"font-weight: 400;\">SPECYFIKACJA:<\/span><\/h5><ul><li style=\"font-weight: 400;\"><span style=\"font-weight: 400;\">warto\u015b\u0107 opa\u0142owa &#8211; 19 MJ\/kg<\/span><\/li><li style=\"font-weight: 400;\"><span style=\"font-weight: 400;\">popi\u00f3\u0142 &#8211; max. 0,5%<\/span><\/li><li style=\"font-weight: 400;\"><span style=\"font-weight: 400;\">wilgotno\u015b\u0107 &#8211; 7%<\/span><\/li><li style=\"font-weight: 400;\"><span style=\"font-weight: 400;\">granulacja 6mm<\/span><\/li><li style=\"font-weight: 400;\"><span style=\"font-weight: 400;\">gatunek drewna &#8211; modrzew, \u015bwierk<\/span><\/li><\/ul>\t\t\t\t\t\t\t\t<\/div>\n\t\t\t\t\t<\/div>\n\t\t<\/div>\n\t\t\t\t\t<\/div>\n\t\t<\/section>\n\t\t\t\t\t<\/div>\n\t\t<\/div>\n\t\t\t\t\t<\/div>\n\t\t<\/section>\n\t\t\t\t<\/div>\n\t\t","protected":false},"excerpt":{"rendered":"<p>PELLET Previous Next Pellet jest ekologicznym i wydajnym \u017ar\u00f3d\u0142em energii (wykorzystywany w specjalnie dostosowanych do niego piecach), ma posta\u0107 granulatu &#8211; pozyskuje [&hellip;]<\/p>\n","protected":false},"author":2,"featured_media":0,"parent":0,"menu_order":0,"comment_status":"closed","ping_status":"closed","template":"elementor_header_footer","meta":{"footnotes":""},"class_list":["post-836","page","type-page","status-publish","hentry"],"_links":{"self":[{"href":"https:\/\/planetadrewna.pl\/index.php\/wp-json\/wp\/v2\/pages\/836","targetHints":{"allow":["GET"]}}],"collection":[{"href":"https:\/\/planetadrewna.pl\/index.php\/wp-json\/wp\/v2\/pages"}],"about":[{"href":"https:\/\/planetadrewna.pl\/index.php\/wp-json\/wp\/v2\/types\/page"}],"author":[{"embeddable":true,"href":"https:\/\/planetadrewna.pl\/index.php\/wp-json\/wp\/v2\/users\/2"}],"replies":[{"embeddable":true,"href":"https:\/\/planetadrewna.pl\/index.php\/wp-json\/wp\/v2\/comments?post=836"}],"version-history":[{"count":37,"href":"https:\/\/planetadrewna.pl\/index.php\/wp-json\/wp\/v2\/pages\/836\/revisions"}],"predecessor-version":[{"id":1648,"href":"https:\/\/planetadrewna.pl\/index.php\/wp-json\/wp\/v2\/pages\/836\/revisions\/1648"}],"wp:attachment":[{"href":"https:\/\/planetadrewna.pl\/index.php\/wp-json\/wp\/v2\/media?parent=836"}],"curies":[{"name":"wp","href":"https:\/\/api.w.org\/{rel}","templated":true}]}}